{"id":426,"date":"2017-04-09T22:26:01","date_gmt":"2017-04-10T01:26:01","guid":{"rendered":"https:\/\/riverautopecas.com.br\/site\/?page_id=426"},"modified":"2018-02-18T15:42:28","modified_gmt":"2018-02-18T18:42:28","slug":"orcamento-de-pecas","status":"publish","type":"page","link":"https:\/\/riverautopecas.com.br\/site\/orcamento-de-pecas\/","title":{"rendered":"Or\u00e7amento de pe\u00e7as e servi\u00e7os"},"content":{"rendered":"<p>[et_pb_section bb_built=&#8221;1&#8243; admin_label=&#8221;Se\u00e7\u00e3o&#8221; fullwidth=&#8221;on&#8221;][et_pb_fullwidth_header admin_label=&#8221;Cabe\u00e7alho de Largura Completa&#8221; title=&#8221;Or\u00e7amento de pe\u00e7as e servi\u00e7os&#8221; background_layout=&#8221;dark&#8221; text_orientation=&#8221;center&#8221; header_scroll_down=&#8221;on&#8221; scroll_down_icon_size=&#8221;33px&#8221; background_color=&#8221;#0a4d8a&#8221; background_overlay_color=&#8221;rgba(10,77,138,0.01)&#8221; parallax=&#8221;on&#8221; title_font_size=&#8221;40px&#8221; header_fullscreen=&#8221;off&#8221; parallax_method=&#8221;off&#8221; content_orientation=&#8221;center&#8221; image_orientation=&#8221;center&#8221; custom_button_one=&#8221;off&#8221; button_one_letter_spacing=&#8221;0&#8243; button_one_use_icon=&#8221;default&#8221; button_one_icon_placement=&#8221;right&#8221; button_one_on_hover=&#8221;on&#8221; button_one_letter_spacing_hover=&#8221;0&#8243; custom_button_two=&#8221;off&#8221; button_two_letter_spacing=&#8221;0&#8243; button_two_use_icon=&#8221;default&#8221; button_two_icon_placement=&#8221;right&#8221; button_two_on_hover=&#8221;on&#8221; button_two_letter_spacing_hover=&#8221;0&#8243;]<\/p>\n<p>&nbsp;<\/p>\n<p>[\/et_pb_fullwidth_header][\/et_pb_section][et_pb_section bb_built=&#8221;1&#8243; admin_label=&#8221;section&#8221; background_image=&#8221;https:\/\/i.imgur.com\/sKVOvpQ.jpg&#8221; transparent_background=&#8221;off&#8221; allow_player_pause=&#8221;off&#8221; inner_shadow=&#8221;off&#8221; parallax=&#8221;on&#8221; parallax_method=&#8221;off&#8221; make_fullwidth=&#8221;off&#8221; use_custom_width=&#8221;off&#8221; width_unit=&#8221;on&#8221; make_equal=&#8221;off&#8221; use_custom_gutter=&#8221;off&#8221; background_color=&#8221;rgba(0,0,0,0.23)&#8221;][et_pb_row admin_label=&#8221;row&#8221; make_fullwidth=&#8221;off&#8221; use_custom_width=&#8221;off&#8221; width_unit=&#8221;on&#8221; use_custom_gutter=&#8221;off&#8221; allow_player_pause=&#8221;off&#8221; parallax=&#8221;off&#8221; parallax_method=&#8221;off&#8221; make_equal=&#8221;off&#8221; parallax_1=&#8221;off&#8221; parallax_method_1=&#8221;off&#8221; parallax_2=&#8221;off&#8221; parallax_method_2=&#8221;off&#8221;][et_pb_column type=&#8221;1_2&#8243;][\/et_pb_column][et_pb_column type=&#8221;1_2&#8243;][et_pb_blurb admin_label=&#8221;Sinopse&#8221; url_new_window=&#8221;off&#8221; use_icon=&#8221;off&#8221; icon_color=&#8221;#0a4d8a&#8221; use_circle=&#8221;off&#8221; circle_color=&#8221;#0a4d8a&#8221; use_circle_border=&#8221;off&#8221; circle_border_color=&#8221;#0a4d8a&#8221; icon_placement=&#8221;top&#8221; animation=&#8221;top&#8221; background_layout=&#8221;light&#8221; text_orientation=&#8221;left&#8221; use_icon_font_size=&#8221;off&#8221; use_border_color=&#8221;off&#8221; border_color=&#8221;#ffffff&#8221; border_style=&#8221;solid&#8221;] <div id=\"vfb-form-3\" class=\"visual-form-builder-container\"><form id=\"solicitacao-de-orcamento-3\" class=\"visual-form-builder vfb-form-3  \" method=\"post\" enctype=\"multipart\/form-data\" action=\"\">\n\t\t<input type=\"hidden\" name=\"form_id\" value=\"3\" \/><fieldset class=\"vfb-fieldset vfb-fieldset-1 solicitacao-de-orcamento    \" id=\"item-vfb-10\"><div class=\"vfb-legend\"><h3>Solicita\u00e7\u00e3o de Or\u00e7amento<\/h3><\/div><ul class=\"vfb-section vfb-section-1\"><li class=\"vfb-item vfb-item-text   vfb-left-half  \" id=\"item-vfb-14\"><label for=\"vfb-14\" class=\"vfb-desc\">Nome  <span class=\"vfb-required-asterisk\">*<\/span><\/label><input type=\"text\" name=\"vfb-14\" id=\"vfb-14\" value=\"\" class=\"vfb-text  vfb-large  required  \" \/><\/li>\n<li class=\"vfb-item vfb-item-email   vfb-right-half  \" id=\"item-vfb-15\"><label for=\"vfb-15\" class=\"vfb-desc\">E-mail  <span class=\"vfb-required-asterisk\">*<\/span><\/label><input type=\"email\" name=\"vfb-15\" id=\"vfb-15\" value=\"\" class=\"vfb-text  vfb-large  required  email \" \/><\/li>\n<li class=\"vfb-item vfb-item-phone   vfb-middle-third  \" id=\"item-vfb-151\"><label for=\"vfb-151\" class=\"vfb-desc\">Telefone  <span class=\"vfb-required-asterisk\">*<\/span><\/label><input type=\"tel\" name=\"vfb-151\" id=\"vfb-151\" value=\"\" class=\"vfb-text  vfb-large  required  phone \" \/><\/li>\n<li class=\"vfb-item vfb-item-text   vfb-middle-third  \" id=\"item-vfb-17\"><label for=\"vfb-17\" class=\"vfb-desc\">Cidade  <span class=\"vfb-required-asterisk\">*<\/span><\/label><input type=\"text\" name=\"vfb-17\" id=\"vfb-17\" value=\"\" class=\"vfb-text  vfb-large  required  \" \/><\/li>\n<li class=\"vfb-item vfb-item-autocomplete   vfb-middle-third  \" id=\"item-vfb-83\"><label for=\"vfb-83\" class=\"vfb-desc\">Estado  <span class=\"vfb-required-asterisk\">*<\/span><\/label><input type=\"text\" name=\"vfb-83\" id=\"vfb-83\" value=\"\" class=\"vfb-text auto  vfb-large  required  \" \/><\/li>\n<li class=\"vfb-item vfb-item-autocomplete   vfb-middle-third  \" id=\"item-vfb-89\"><label for=\"vfb-89\" class=\"vfb-desc\">Carro  <span class=\"vfb-required-asterisk\">*<\/span><\/label><input type=\"text\" name=\"vfb-89\" id=\"vfb-89\" value=\"\" class=\"vfb-text auto  vfb-large  required  \" \/><\/li>\n<li class=\"vfb-item vfb-item-text   vfb-middle-third  \" id=\"item-vfb-20\"><label for=\"vfb-20\" class=\"vfb-desc\">Ano  <span class=\"vfb-required-asterisk\">*<\/span><\/label><input type=\"text\" name=\"vfb-20\" id=\"vfb-20\" value=\"\" class=\"vfb-text  vfb-large  required  \" \/><\/li>\n<li class=\"vfb-item vfb-item-text   vfb-middle-third  \" id=\"item-vfb-21\"><label for=\"vfb-21\" class=\"vfb-desc\">Modelo  <span class=\"vfb-required-asterisk\">*<\/span><\/label><input type=\"text\" name=\"vfb-21\" id=\"vfb-21\" value=\"\" class=\"vfb-text  vfb-large  required  \" \/><\/li>\n<li class=\"vfb-item vfb-item-textarea    \" id=\"item-vfb-24\"><label for=\"vfb-24\" class=\"vfb-desc\">Pe\u00e7as  <span class=\"vfb-required-asterisk\">*<\/span><\/label><div><textarea name=\"vfb-24\" id=\"vfb-24\" class=\"vfb-textarea  vfb-medium  required  \"><\/textarea><\/div><\/li>\n<li class=\"vfb-item vfb-item-checkbox  vfb-two-column   \" id=\"item-vfb-110\"><label class=\"vfb-desc\">Adicionar servi\u00e7os <\/label><div><span class=\"vfb-span\"><input type=\"checkbox\" name=\"vfb-110[]\" id=\"vfb-110-0\" value=\"Alinhamento\" class=\"vfb-checkbox  \" \/><label for=\"vfb-110-0\" class=\"vfb-choice\">Alinhamento<\/label><\/span><span class=\"vfb-span\"><input type=\"checkbox\" name=\"vfb-110[]\" id=\"vfb-110-1\" value=\"Balanceamento\" class=\"vfb-checkbox  \" \/><label for=\"vfb-110-1\" class=\"vfb-choice\">Balanceamento<\/label><\/span><span class=\"vfb-span\"><input type=\"checkbox\" name=\"vfb-110[]\" id=\"vfb-110-2\" value=\"Caster e cambagem\" class=\"vfb-checkbox  \" \/><label for=\"vfb-110-2\" class=\"vfb-choice\">Caster e cambagem<\/label><\/span><span class=\"vfb-span\"><input type=\"checkbox\" name=\"vfb-110[]\" id=\"vfb-110-3\" value=\"Toca de pneus\" class=\"vfb-checkbox  \" \/><label for=\"vfb-110-3\" class=\"vfb-choice\">Toca de pneus<\/label><\/span><span class=\"vfb-span\"><input type=\"checkbox\" name=\"vfb-110[]\" id=\"vfb-110-4\" value=\"Troca de amortecedores\" class=\"vfb-checkbox  \" \/><label for=\"vfb-110-4\" class=\"vfb-choice\">Troca de amortecedores<\/label><\/span><span class=\"vfb-span\"><input type=\"checkbox\" name=\"vfb-110[]\" id=\"vfb-110-5\" value=\"Sangria de \u00f3leo de freio\" class=\"vfb-checkbox  \" \/><label for=\"vfb-110-5\" class=\"vfb-choice\">Sangria de \u00f3leo de freio<\/label><\/span><span class=\"vfb-span\"><input type=\"checkbox\" name=\"vfb-110[]\" id=\"vfb-110-6\" value=\"Troca de \u00f3leo\" class=\"vfb-checkbox  \" \/><label for=\"vfb-110-6\" class=\"vfb-choice\">Troca de \u00f3leo<\/label><\/span><div style=\"clear:both\"><\/div><\/div><\/li>\n<li class=\"vfb-item vfb-item-checkbox    \" id=\"item-vfb-144\"><label class=\"vfb-desc\">COMO DESEJA RECEBER A RESPOSTA?  <span class=\"vfb-required-asterisk\">*<\/span><\/label><div><span class=\"vfb-span\"><input type=\"checkbox\" name=\"vfb-144[]\" id=\"vfb-144-0\" value=\"Liga\u00e7\u00e3o telef\u00f4nica\" class=\"vfb-checkbox  required \" \/><label for=\"vfb-144-0\" class=\"vfb-choice\">Liga\u00e7\u00e3o telef\u00f4nica<\/label><\/span><span class=\"vfb-span\"><input type=\"checkbox\" name=\"vfb-144[]\" id=\"vfb-144-1\" value=\"Whatsapp\" class=\"vfb-checkbox  required \" \/><label for=\"vfb-144-1\" class=\"vfb-choice\">Whatsapp<\/label><\/span><span class=\"vfb-span\"><input type=\"checkbox\" name=\"vfb-144[]\" id=\"vfb-144-2\" value=\"E-mail\" class=\"vfb-checkbox  required \" \/><label for=\"vfb-144-2\" class=\"vfb-choice\">E-mail<\/label><\/span><span class=\"vfb-span\"><input type=\"checkbox\" name=\"vfb-144[]\" id=\"vfb-144-3\" value=\"Impresso na loja\" class=\"vfb-checkbox  required \" \/><label for=\"vfb-144-3\" class=\"vfb-choice\">Impresso na loja<\/label><\/span><div style=\"clear:both\"><\/div><\/div><\/li>\n<li class=\"vfb-item vfb-item-phone    vfb-conditional  vfb-conditional-hide\" id=\"item-vfb-147\"><label for=\"vfb-147\" class=\"vfb-desc\">Confirme seu n\u00famero  <span class=\"vfb-required-asterisk\">*<\/span><\/label><input type=\"tel\" name=\"vfb-147\" id=\"vfb-147\" value=\"\" class=\"vfb-text  vfb-medium  required  phone \" \/><\/li>\n<li class=\"vfb-item vfb-item-phone    vfb-conditional  vfb-conditional-hide\" id=\"item-vfb-148\"><label for=\"vfb-148\" class=\"vfb-desc\">Confirme seu Whatsapp  <span class=\"vfb-required-asterisk\">*<\/span><\/label><input type=\"tel\" name=\"vfb-148\" id=\"vfb-148\" value=\"\" class=\"vfb-text  vfb-medium  required  phone \" \/><\/li>\n<li class=\"vfb-item vfb-item-email    vfb-conditional  vfb-conditional-hide\" id=\"item-vfb-149\"><label for=\"vfb-149\" class=\"vfb-desc\">Confirme seu e-mail  <span class=\"vfb-required-asterisk\">*<\/span><\/label><input type=\"email\" name=\"vfb-149\" id=\"vfb-149\" value=\"\" class=\"vfb-text  vfb-medium  required  email \" \/><\/li>\n<li class=\"vfb-item vfb-item-instructions    vfb-conditional  vfb-conditional-hide\" id=\"item-vfb-150\"><label class=\"vfb-desc\"> <\/label>Para retirar o or\u00e7amento impresso visite nossa loja, Av. Cel Joaquim de Oliveira Prata, 574 e procure o vendedor.<\/li>\n<li class=\"vfb-item vfb-item-select    \" id=\"item-vfb-26\"><label for=\"vfb-26\" class=\"vfb-desc\">Clique abaixo e escolha um dos vendedores:  <span class=\"vfb-required-asterisk\">*<\/span><\/label><select name=\"vfb-26\" id=\"vfb-26\" class=\"vfb-select  vfb-large  required \"><option value=\"\"><\/option><option value=\"JOHN - River Auto Pe\u00e7as\">JOHN - River Auto Pe\u00e7as<\/option><option value=\"JULIO - River Auto Pe\u00e7as\">JULIO - River Auto Pe\u00e7as<\/option><option value=\"VENILSON - River Auto Pe\u00e7as\">VENILSON - River Auto Pe\u00e7as<\/option><option value=\"OFICINA - River Auto Center (somente PARA SERVI\u00c7OS)\">OFICINA - River Auto Center (somente PARA SERVI\u00c7OS)<\/option><\/select><\/li>\n<li class=\"vfb-item vfb-item-submit\" id=\"item-vfb-13\">\n\t\t\t\t\t<input type=\"submit\" name=\"vfb-submit\" id=\"vfb-13\" value=\"Enviar pedido\" class=\"vfb-submit \" \/>\n\t\t\t\t\t<\/li><\/ul>&nbsp;<\/fieldset><input type=\"hidden\" name=\"_wp_http_referer\" value=\"\/site\/wp-json\/wp\/v2\/pages\/426\" \/><\/form><\/div> <!-- .visual-form-builder-container --> [\/et_pb_blurb][\/et_pb_column][\/et_pb_row][\/et_pb_section][et_pb_section bb_built=&#8221;1&#8243; admin_label=&#8221;Se\u00e7\u00e3o&#8221; global_module=&#8221;1452&#8243; background_color=&#8221;#3d3d3d&#8221;][et_pb_row global_parent=&#8221;1452&#8243; admin_label=&#8221;Linha&#8221; parallax_method_1=&#8221;off&#8221;][et_pb_column type=&#8221;4_4&#8243;][et_pb_signup global_parent=&#8221;1452&#8243; admin_label=&#8221;E-Mail Optin&#8221; mailchimp_list=&#8221;d5ddf73606&#8243; title=&#8221;Cadastre e receba novidades:&#8221; background_color=&#8221;rgba(10,77,138,0.97)&#8221;] Deixe seu e-mail e fique por dentro de novidades, futuros eventos, ofertas exclusivas, dicas para seu carro e muito mais! [\/et_pb_signup][\/et_pb_column][\/et_pb_row][et_pb_row global_parent=&#8221;1452&#8243; admin_label=&#8221;row&#8221; custom_padding=&#8221;11px|0px|26.9688px|0px&#8221; parallax_method_1=&#8221;off&#8221; parallax_method_2=&#8221;off&#8221; parallax_method_3=&#8221;off&#8221; parallax_method_4=&#8221;off&#8221;][et_pb_column type=&#8221;1_4&#8243;][et_pb_blurb global_parent=&#8221;1452&#8243; admin_label=&#8221;Or\u00e7amento&#8221; title=&#8221;Or\u00e7amento&#8221; url=&#8221;https:\/\/riverautopecas.com.br\/site\/orcamento-de-pecas\/&#8221; use_icon=&#8221;on&#8221; font_icon=&#8221;%%209%%&#8221; icon_color=&#8221;#ffffff&#8221; icon_placement=&#8221;left&#8221; animation=&#8221;left&#8221; background_layout=&#8221;dark&#8221; text_orientation=&#8221;center&#8221; header_font_size=&#8221;16px&#8221; saved_tabs=&#8221;all&#8221;] [\/et_pb_blurb][et_pb_blurb global_parent=&#8221;1452&#8243; admin_label=&#8221;Endere&#8221; title=&#8221;Av. Cel. Joaquim&#8221; url=&#8221;https:\/\/riverautopecas.com.br\/site\/contato\/&#8221; use_icon=&#8221;on&#8221; font_icon=&#8221;%%249%%&#8221; icon_color=&#8221;#4389c1&#8243; icon_placement=&#8221;left&#8221; background_layout=&#8221;dark&#8221; text_orientation=&#8221;center&#8221; header_font_size=&#8221;14px&#8221; body_font_size=&#8221;12px&#8221; body_line_height=&#8221;1em&#8221;]<\/p>\n<p>de Oliveira Prata, 574<\/p>\n<p>[\/et_pb_blurb][et_pb_blurb global_parent=&#8221;1452&#8243; admin_label=&#8221;mercadoliv&#8221; title=&#8221;Mercado Livre&#8221; url=&#8221;https:\/\/riverautopecas.com.br\/ml&#8221; url_new_window=&#8221;on&#8221; image=&#8221;https:\/\/riverautopecas.com.br\/site\/wp-content\/uploads\/2017\/05\/mercado_livre.png&#8221; icon_placement=&#8221;left&#8221; background_layout=&#8221;dark&#8221; text_orientation=&#8221;center&#8221; header_font_size=&#8221;14px&#8221; body_font_size=&#8221;12px&#8221;]<\/p>\n<p>Ofertas Exclusivas<\/p>\n<p>[\/et_pb_blurb][\/et_pb_column][et_pb_column type=&#8221;1_4&#8243;][et_pb_blurb global_parent=&#8221;1452&#8243; admin_label=&#8221;agendamen&#8221; title=&#8221;Servi\u00e7os &#8221; url=&#8221;https:\/\/riverautopecas.com.br\/site\/servicos\/&#8221; use_icon=&#8221;on&#8221; font_icon=&#8221;%%173%%&#8221; icon_color=&#8221;#ffffff&#8221; icon_placement=&#8221;left&#8221; animation=&#8221;bottom&#8221; background_layout=&#8221;dark&#8221; text_orientation=&#8221;center&#8221; disabled_on=&#8221;||off&#8221; header_font_size=&#8221;16px&#8221; saved_tabs=&#8221;all&#8221;] [\/et_pb_blurb][et_pb_blurb global_parent=&#8221;1452&#8243; admin_label=&#8221;horario&#8221; title=&#8221;Seg-Sex 8h-17h30&#8243; url=&#8221;https:\/\/riverautopecas.com.br\/site\/contato\/&#8221; use_icon=&#8221;on&#8221; font_icon=&#8221;%%227%%&#8221; icon_color=&#8221;#4389c1&#8243; icon_placement=&#8221;left&#8221; background_layout=&#8221;dark&#8221; text_orientation=&#8221;center&#8221; header_font_size=&#8221;14px&#8221; body_font=&#8221;||||&#8221; body_font_size=&#8221;12px&#8221;]<\/p>\n<p>S\u00e1bados 8h-12h<\/p>\n<p>[\/et_pb_blurb][et_pb_blurb global_parent=&#8221;1452&#8243; admin_label=&#8221;ancora&#8221; title=&#8221;Rede \u00c2ncora&#8221; url=&#8221;redeancora.com.br&#8221; url_new_window=&#8221;on&#8221; image=&#8221;https:\/\/i.imgur.com\/2PnycN1.png&#8221; icon_placement=&#8221;left&#8221; background_layout=&#8221;dark&#8221; text_orientation=&#8221;center&#8221; header_font_size=&#8221;14px&#8221; body_font_size=&#8221;12px&#8221;]<\/p>\n<p>de auto pe\u00e7as<\/p>\n<p>[\/et_pb_blurb][\/et_pb_column][et_pb_column type=&#8221;1_4&#8243;][et_pb_blurb global_parent=&#8221;1452&#8243; admin_label=&#8221;Links \u00fateis&#8221; title=&#8221;Link \u00dateis&#8221; url=&#8221;https:\/\/riverautopecas.com.br\/site\/links-uteis&#8221; use_icon=&#8221;on&#8221; font_icon=&#8221;%%136%%&#8221; icon_color=&#8221;#ffffff&#8221; icon_placement=&#8221;left&#8221; background_layout=&#8221;dark&#8221; text_orientation=&#8221;center&#8221; header_font_size=&#8221;16px&#8221; header_text_color=&#8221;#ffffff&#8221;] [\/et_pb_blurb][et_pb_blurb global_parent=&#8221;1452&#8243; admin_label=&#8221;telepho&#8221; title=&#8221;(34) 2103-0800&#8243; url=&#8221;https:\/\/riverautopecas.com.br\/site\/contato\/&#8221; use_icon=&#8221;on&#8221; font_icon=&#8221;%%264%%&#8221; icon_color=&#8221;#4389c1&#8243; icon_placement=&#8221;left&#8221; background_layout=&#8221;dark&#8221; text_orientation=&#8221;center&#8221; header_font=&#8221;|on|||&#8221; header_font_size=&#8221;15px&#8221;] [\/et_pb_blurb][et_pb_blurb global_parent=&#8221;1452&#8243; admin_label=&#8221;ssl&#8221; title=&#8221;Site Seguro&#8221; url=&#8221;https:\/\/riverautopecas.com.br&#8221; image=&#8221;https:\/\/riverautopecas.com.br\/site\/wp-content\/uploads\/2017\/05\/ssl.png&#8221; icon_placement=&#8221;left&#8221; background_layout=&#8221;dark&#8221; text_orientation=&#8221;center&#8221; header_font_size=&#8221;14px&#8221; body_font_size=&#8221;12px&#8221;]<\/p>\n<p>Conex\u00e3o ssl<\/p>\n<p>[\/et_pb_blurb][\/et_pb_column][et_pb_column type=&#8221;1_4&#8243;][et_pb_blurb global_parent=&#8221;1452&#8243; admin_label=&#8221;Blog&#8221; title=&#8221;Blog River&#8221; url=&#8221;https:\/\/riverautopecas.com.br\/site\/blog\/&#8221; use_icon=&#8221;on&#8221; font_icon=&#8221;%%86%%&#8221; icon_color=&#8221;#ffffff&#8221; icon_placement=&#8221;left&#8221; animation=&#8221;right&#8221; background_layout=&#8221;dark&#8221; text_orientation=&#8221;center&#8221; header_font_size=&#8221;16px&#8221;] [\/et_pb_blurb][et_pb_blurb global_parent=&#8221;1452&#8243; admin_label=&#8221;email&#8221; url=&#8221;https:\/\/riverautopecas.com.br\/site\/contato\/&#8221; use_icon=&#8221;on&#8221; font_icon=&#8221;%%238%%&#8221; icon_color=&#8221;#4389c1&#8243; icon_placement=&#8221;left&#8221; background_layout=&#8221;dark&#8221; text_orientation=&#8221;center&#8221; header_font_size=&#8221;14px&#8221;]<\/p>\n<p>river@riverautopecas.com.br<\/p>\n<p>[\/et_pb_blurb][et_pb_blurb global_parent=&#8221;1452&#8243; admin_label=&#8221;topof&#8221; url=&#8221;https:\/\/riverautopecas.com.br\/site\/top-of-mind-2017-river-auto-pecas-e-a-mais-lembrada\/&#8221; image=&#8221;https:\/\/riverautopecas.com.br\/site\/wp-content\/uploads\/2017\/05\/img-topOfMindICO.png&#8221; icon_placement=&#8221;left&#8221; background_layout=&#8221;dark&#8221; text_orientation=&#8221;right&#8221; url_new_window=&#8221;off&#8221; use_icon=&#8221;off&#8221; icon_color=&#8221;#0a4d8a&#8221; use_circle=&#8221;off&#8221; circle_color=&#8221;#0a4d8a&#8221; use_circle_border=&#8221;off&#8221; circle_border_color=&#8221;#0a4d8a&#8221; animation=&#8221;top&#8221; use_icon_font_size=&#8221;off&#8221; use_border_color=&#8221;off&#8221; border_color=&#8221;#ffffff&#8221; border_style=&#8221;solid&#8221;]<\/p>\n<p><strong>TOPofMind<\/strong><br \/>\nTV INTEGRA\u00c7\u00c3O <strong>2017<\/strong><\/p>\n<p>[\/et_pb_blurb][\/et_pb_column][\/et_pb_row][\/et_pb_section]<\/p>\n","protected":false},"excerpt":{"rendered":"<p>[et_pb_section bb_built=&#8221;1&#8243; admin_label=&#8221;Se\u00e7\u00e3o&#8221; fullwidth=&#8221;on&#8221;][et_pb_fullwidth_header admin_label=&#8221;Cabe\u00e7alho de Largura Completa&#8221; title=&#8221;Or\u00e7amento de pe\u00e7as e servi\u00e7os&#8221; background_layout=&#8221;dark&#8221; text_orientation=&#8221;center&#8221; header_scroll_down=&#8221;on&#8221; scroll_down_icon_size=&#8221;33px&#8221; background_color=&#8221;#0a4d8a&#8221; background_overlay_color=&#8221;rgba(10,77,138,0.01)&#8221; parallax=&#8221;on&#8221; title_font_size=&#8221;40px&#8221; header_fullscreen=&#8221;off&#8221; parallax_method=&#8221;off&#8221; content_orientation=&#8221;center&#8221; image_orientation=&#8221;center&#8221; custom_button_one=&#8221;off&#8221; button_one_letter_spacing=&#8221;0&#8243; button_one_use_icon=&#8221;default&#8221; button_one_icon_placement=&#8221;right&#8221; button_one_on_hover=&#8221;on&#8221; button_one_letter_spacing_hover=&#8221;0&#8243; custom_button_two=&#8221;off&#8221; button_two_letter_spacing=&#8221;0&#8243; button_two_use_icon=&#8221;default&#8221; button_two_icon_placement=&#8221;right&#8221; button_two_on_hover=&#8221;on&#8221; button_two_letter_spacing_hover=&#8221;0&#8243;] &nbsp; [\/et_pb_fullwidth_header][\/et_pb_section][et_pb_section bb_built=&#8221;1&#8243; admin_label=&#8221;section&#8221; background_image=&#8221;https:\/\/i.imgur.com\/sKVOvpQ.jpg&#8221; transparent_background=&#8221;off&#8221; allow_player_pause=&#8221;off&#8221; inner_shadow=&#8221;off&#8221; parallax=&#8221;on&#8221; parallax_method=&#8221;off&#8221; make_fullwidth=&#8221;off&#8221; use_custom_width=&#8221;off&#8221; width_unit=&#8221;on&#8221; make_equal=&#8221;off&#8221; use_custom_gutter=&#8221;off&#8221; background_color=&#8221;rgba(0,0,0,0.23)&#8221;][et_pb_row admin_label=&#8221;row&#8221; make_fullwidth=&#8221;off&#8221; [&hellip;]<\/p>\n","protected":false},"author":1,"featured_media":0,"parent":0,"menu_order":0,"comment_status":"closed","ping_status":"closed","template":"","meta":{"spay_email":""},"jetpack_sharing_enabled":true,"jetpack_shortlink":"https:\/\/wp.me\/P8sxwG-6S","_links":{"self":[{"href":"https:\/\/riverautopecas.com.br\/site\/wp-json\/wp\/v2\/pages\/426"}],"collection":[{"href":"https:\/\/riverautopecas.com.br\/site\/wp-json\/wp\/v2\/pages"}],"about":[{"href":"https:\/\/riverautopecas.com.br\/site\/wp-json\/wp\/v2\/types\/page"}],"author":[{"embeddable":true,"href":"https:\/\/riverautopecas.com.br\/site\/wp-json\/wp\/v2\/users\/1"}],"replies":[{"embeddable":true,"href":"https:\/\/riverautopecas.com.br\/site\/wp-json\/wp\/v2\/comments?post=426"}],"version-history":[{"count":0,"href":"https:\/\/riverautopecas.com.br\/site\/wp-json\/wp\/v2\/pages\/426\/revisions"}],"wp:attachment":[{"href":"https:\/\/riverautopecas.com.br\/site\/wp-json\/wp\/v2\/media?parent=426"}],"curies":[{"name":"wp","href":"https:\/\/api.w.org\/{rel}","templated":true}]}}